{"id":19,"date":"2022-02-01T18:14:06","date_gmt":"2022-02-01T18:14:06","guid":{"rendered":"http:\/\/192.168.1.220:8008\/?page_id=19"},"modified":"2024-06-01T17:58:15","modified_gmt":"2024-06-01T17:58:15","slug":"main","status":"publish","type":"page","link":"https:\/\/knowcamp.org\/portal\/","title":{"rendered":"Main"},"content":{"rendered":"<p>[et_pb_section fb_built=&#8221;1&#8243; disabled_on=&#8221;on|on|off&#8221; _builder_version=&#8221;4.14.7&#8243; _module_preset=&#8221;default&#8221; background_image=&#8221;https:\/\/knowcamp.org\/portal\/wp-content\/uploads\/2022\/02\/01.jpg&#8221; custom_margin=&#8221;|0px||0px|false|false&#8221; custom_padding=&#8221;|||0px|false|false&#8221; animation_style=&#8221;fade&#8221; global_colors_info=&#8221;{}&#8221;][et_pb_row _builder_version=&#8221;4.14.7&#8243; _module_preset=&#8221;default&#8221; custom_margin=&#8221;|auto||-3px||&#8221; global_colors_info=&#8221;{}&#8221;][et_pb_column type=&#8221;4_4&#8243; _builder_version=&#8221;4.14.7&#8243; _module_preset=&#8221;default&#8221; global_colors_info=&#8221;{}&#8221;][et_pb_text disabled_on=&#8221;on|on|off&#8221; _builder_version=&#8221;4.14.7&#8243; _module_preset=&#8221;default&#8221; text_text_color=&#8221;rgba(28,158,182,0.44)&#8221; text_font_size=&#8221;95px&#8221; custom_margin=&#8221;75px||||false|false&#8221; global_colors_info=&#8221;{}&#8221;]<\/p>\n<div id=\"rolunk\">\n<p style=\"text-align: right;\"><strong>R\u00d3LUNK<\/strong><\/p>\n<\/div>\n<p>[\/et_pb_text][et_pb_text disabled_on=&#8221;on|on|off&#8221; _builder_version=&#8221;4.14.7&#8243; _module_preset=&#8221;default&#8221; text_font_size=&#8221;18px&#8221; background_color=&#8221;rgba(28,158,182,0.33)&#8221; width=&#8221;100%&#8221; custom_margin=&#8221;-5px|0px|75px||false|false&#8221; custom_padding=&#8221;75px|45px|75px|42px|false|false&#8221; global_colors_info=&#8221;{}&#8221;]<\/p>\n<p><span>A KnowCamp Alap\u00edtv\u00e1ny a k\u00f6zelm\u00faltban ker\u00fclt megalap\u00edt\u00e1sra, amikor kiv\u00e1lt az E\u00f6tv\u00f6s J\u00f3zsef Iskolaalap\u00edtv\u00e1nyb\u00f3l, amely 1994-t\u0151l 2016-ig k\u00f6z\u00e9piskolai jelleg\u0171 oktat\u00e1st folytatott. A KnowCamp teh\u00e1t egy \u00faj szervezet, azonban az E\u00f6tv\u00f6s Alap\u00edtv\u00e1nnyal val\u00f3 kapcsolata r\u00e9v\u00e9n t\u00f6bb \u00e9vtizedes h\u00e1ttere van. Az alap\u00edtv\u00e1ny c\u00e9lja oktat\u00e1si tev\u00e9kenys\u00e9g v\u00e9gz\u00e9se, els\u0151sorban az IT ter\u00fclet\u00e9n, a modern korhoz igazodva online alapon.<\/span><\/p>\n<p>[\/et_pb_text][\/et_pb_column][\/et_pb_row][et_pb_row _builder_version=&#8221;4.14.7&#8243; _module_preset=&#8221;default&#8221; width=&#8221;80.4%&#8221; custom_margin=&#8221;|auto||-1px||&#8221; global_colors_info=&#8221;{}&#8221;][et_pb_column type=&#8221;4_4&#8243; _builder_version=&#8221;4.14.7&#8243; _module_preset=&#8221;default&#8221; global_colors_info=&#8221;{}&#8221;][et_pb_image src=&#8221;http:\/\/192.168.1.220:8008\/wp-content\/uploads\/2022\/02\/white_row1.png&#8221; title_text=&#8221;white_row1&#8243; _builder_version=&#8221;4.14.7&#8243; _module_preset=&#8221;default&#8221; custom_margin=&#8221;||-49px||false|false&#8221; custom_padding=&#8221;|||0px||&#8221; global_colors_info=&#8221;{}&#8221;][\/et_pb_image][\/et_pb_column][\/et_pb_row][\/et_pb_section][et_pb_section fb_built=&#8221;1&#8243; disabled_on=&#8221;on|on|off&#8221; _builder_version=&#8221;4.14.7&#8243; _module_preset=&#8221;default&#8221; background_image=&#8221;https:\/\/knowcamp.org\/portal\/wp-content\/uploads\/2022\/02\/02.jpg&#8221; global_colors_info=&#8221;{}&#8221;][et_pb_row _builder_version=&#8221;4.14.7&#8243; _module_preset=&#8221;default&#8221; width=&#8221;100%&#8221; max_width=&#8221;1130px&#8221; custom_margin=&#8221;-52px|0px||auto|false|false&#8221; custom_padding=&#8221;||1px|||&#8221; global_colors_info=&#8221;{}&#8221;][et_pb_column type=&#8221;4_4&#8243; _builder_version=&#8221;4.14.7&#8243; _module_preset=&#8221;default&#8221; global_colors_info=&#8221;{}&#8221;][\/et_pb_column][\/et_pb_row][et_pb_row _builder_version=&#8221;4.14.7&#8243; _module_preset=&#8221;default&#8221; custom_margin=&#8221;|-1px||auto||&#8221; custom_padding=&#8221;|0px||||&#8221; global_colors_info=&#8221;{}&#8221;][et_pb_column type=&#8221;4_4&#8243; _builder_version=&#8221;4.14.7&#8243; _module_preset=&#8221;default&#8221; global_colors_info=&#8221;{}&#8221;][et_pb_text disabled_on=&#8221;on|on|off&#8221; _builder_version=&#8221;4.14.7&#8243; _module_preset=&#8221;default&#8221; text_font_size=&#8221;95px&#8221; custom_margin=&#8221;100px||22px|156px|false|false&#8221; global_colors_info=&#8221;{}&#8221;]<\/p>\n<div id=\"kuldetes\"><strong>K\u00dcLDET\u00c9S<\/strong><\/div>\n<p>[\/et_pb_text][et_pb_text disabled_on=&#8221;on|on|off&#8221; _builder_version=&#8221;4.14.7&#8243; _module_preset=&#8221;default&#8221; text_text_color=&#8221;#FFFFFF&#8221; text_font_size=&#8221;18px&#8221; background_color=&#8221;rgba(10,10,10,0.7)&#8221; background_enable_image=&#8221;off&#8221; custom_margin=&#8221;0px||58px|163px|false|false&#8221; custom_padding=&#8221;100px|60px|100px|60px|false|false&#8221; global_colors_info=&#8221;{}&#8221;]<\/p>\n<p><span>Magas szint\u0171 oktat\u00e1si tev\u00e9kenys\u00e9g szervez\u00e9se<\/span><\/p>\n<p>[\/et_pb_text][\/et_pb_column][\/et_pb_row][et_pb_row _builder_version=&#8221;4.14.7&#8243; _module_preset=&#8221;default&#8221; width=&#8221;100%&#8221; custom_margin=&#8221;-68px|auto|-30px|0px|false|false&#8221; global_colors_info=&#8221;{}&#8221;][et_pb_column type=&#8221;4_4&#8243; _builder_version=&#8221;4.14.7&#8243; _module_preset=&#8221;default&#8221; global_colors_info=&#8221;{}&#8221;][\/et_pb_column][\/et_pb_row][\/et_pb_section][et_pb_section fb_built=&#8221;1&#8243; disabled_on=&#8221;on|on|off&#8221; _builder_version=&#8221;4.14.7&#8243; _module_preset=&#8221;default&#8221; background_image=&#8221;https:\/\/knowcamp.org\/portal\/wp-content\/uploads\/2022\/02\/03.jpg&#8221; global_colors_info=&#8221;{}&#8221;][et_pb_row _builder_version=&#8221;4.14.7&#8243; _module_preset=&#8221;default&#8221; custom_margin=&#8221;|auto||3px||&#8221; global_colors_info=&#8221;{}&#8221;][et_pb_column type=&#8221;4_4&#8243; _builder_version=&#8221;4.14.7&#8243; _module_preset=&#8221;default&#8221; global_colors_info=&#8221;{}&#8221;][et_pb_text disabled_on=&#8221;on|on|off&#8221; _builder_version=&#8221;4.14.7&#8243; _module_preset=&#8221;default&#8221; text_text_color=&#8221;#FFFFFF&#8221; text_font_size=&#8221;100px&#8221; custom_margin=&#8221;100px||27px||false|false&#8221; global_colors_info=&#8221;{}&#8221;]<\/p>\n<div id=\"dokumentumok\">\n<p style=\"text-align: right;\"><strong>DOKUMENTUMOK<\/strong><\/p>\n<\/div>\n<p>[\/et_pb_text][et_pb_text disabled_on=&#8221;on|on|off&#8221; _builder_version=&#8221;4.14.7&#8243; _module_preset=&#8221;default&#8221; text_text_color=&#8221;#000000&#8243; text_font_size=&#8221;24px&#8221; background_color=&#8221;rgba(214,214,214,0.64)&#8221; min_height=&#8221;100px&#8221; custom_margin=&#8221;0px||92px||false|false&#8221; custom_padding=&#8221;60px|77px|60px|214px|false|false&#8221; global_colors_info=&#8221;{}&#8221;]<\/p>\n<table border=\"0\" style=\"width: 100%; border-collapse: collapse; padding: 40px; border-style: hidden; border-color: rgba(214,214,214,0.64);\">\n<tbody>\n<tr>\n<td style=\"width: 35%; text-align: right;\"><a  style=\"color: black\" href=\"https:\/\/knowcamp.org\/portal\/docs\/alapito.pdf\"><strong>Alap\u00edt\u00f3 okirat<\/strong><\/a><\/td>\n<td style=\"width: 15%;\"><strong><img loading=\"lazy\" decoding=\"async\" src=\"\/portal\/wp-content\/uploads\/2022\/02\/document_icon.png&quot;\" width=\"76\" height=\"100\" alt=\"\" class=\"wp-image-38 alignnone size-full\" \/><\/strong><\/td>\n<td style=\"width: 35%; text-align: right;\"><a  style=\"color: black\" href=\"https:\/\/knowcamp.org\/portal\/docs\/vegzes.pdf\"><strong>V\u00e9gz\u00e9s<\/strong><\/a><\/td>\n<td style=\"width: 15%;\"><strong><img loading=\"lazy\" decoding=\"async\" src=\"\/portal\/wp-content\/uploads\/2022\/02\/document_icon.png\" width=\"76\" height=\"100\" alt=\"\" class=\"wp-image-38 alignnone size-full\" \/><\/strong><\/td>\n<\/tr>\n<\/tbody>\n<\/table>\n<p>[\/et_pb_text][\/et_pb_column][\/et_pb_row][\/et_pb_section][et_pb_section fb_built=&#8221;1&#8243; disabled_on=&#8221;on|on|off&#8221; _builder_version=&#8221;4.14.7&#8243; _module_preset=&#8221;default&#8221; background_image=&#8221;https:\/\/knowcamp.org\/portal\/wp-content\/uploads\/2022\/03\/05.jpg&#8221; global_colors_info=&#8221;{}&#8221;][et_pb_row _builder_version=&#8221;4.14.7&#8243; _module_preset=&#8221;default&#8221; global_colors_info=&#8221;{}&#8221;][et_pb_column type=&#8221;4_4&#8243; _builder_version=&#8221;4.14.7&#8243; _module_preset=&#8221;default&#8221; global_colors_info=&#8221;{}&#8221;][et_pb_code _builder_version=&#8221;4.14.7&#8243; _module_preset=&#8221;default&#8221; background_enable_color=&#8221;off&#8221; width=&#8221;100%&#8221; max_width=&#8221;100%&#8221; custom_margin=&#8221;|0px||0px|false|false&#8221; custom_padding=&#8221;|0px||0px||&#8221; global_colors_info=&#8221;{}&#8221;][\/et_pb_code][et_pb_text _builder_version=&#8221;4.14.7&#8243; _module_preset=&#8221;default&#8221; text_text_color=&#8221;#FFFFFF&#8221; text_font_size=&#8221;29px&#8221; global_colors_info=&#8221;{}&#8221;]<\/p>\n<p id=\"kurzusok\" style=\"text-align: center; font-size: 3em;\"><strong>KURZUSOK<\/strong><\/p>\n<p style=\"text-align: center;\"><a style=\"text-decoration: none; color: white;\" href=\"https:\/\/knowcamp.org\/portal\/courses\/webfejlesztes-alapjai\/\">A webfejleszt\u00e9s alapjai<\/a><\/p>\n<p style=\"text-align: center;\"><a style=\"text-decoration: none; color: white;\" href=\"https:\/\/knowcamp.org\/portal\/courses\/halado-webfejlesztes-asp-net-ben\/\">Halad\u00f3 webfejleszt\u00e9s ASP.NET-ben<\/a><\/p>\n<p style=\"text-align: center;\"><span style=\"color: #ffffff;\"><a href=\"https:\/\/knowcamp.org\/portal\/courses\/microsoft-azure\/\" style=\"color: #ffffff;\">Microsoft Azure felh\u0151technol\u00f3gia<\/a><\/span><\/p>\n<p style=\"text-align: center;\"><a href=\"https:\/\/knowcamp.org\/portal\/courses\/mesterseges-intelligencia-ai\/\"><span style=\"color: #ffffff;\">Mesters\u00e9ges Intelligencia (AI)<\/span><\/a><\/p>\n<p style=\"text-align: center;\">\n<p>[\/et_pb_text][\/et_pb_column][\/et_pb_row][\/et_pb_section][et_pb_section fb_built=&#8221;1&#8243; disabled_on=&#8221;off|off|on&#8221; _builder_version=&#8221;4.14.7&#8243; _module_preset=&#8221;default&#8221; global_colors_info=&#8221;{}&#8221;][et_pb_row _builder_version=&#8221;4.14.7&#8243; _module_preset=&#8221;default&#8221; global_colors_info=&#8221;{}&#8221;][et_pb_column type=&#8221;4_4&#8243; _builder_version=&#8221;4.14.7&#8243; _module_preset=&#8221;default&#8221; global_colors_info=&#8221;{}&#8221;][et_pb_text _builder_version=&#8221;4.14.7&#8243; _module_preset=&#8221;default&#8221; text_font_size=&#8221;37px&#8221; global_colors_info=&#8221;{}&#8221;]<\/p>\n<h1>Kurzusok<\/h1>\n<p>[\/et_pb_text][\/et_pb_column][\/et_pb_row][et_pb_row _builder_version=&#8221;4.14.7&#8243; _module_preset=&#8221;default&#8221; global_colors_info=&#8221;{}&#8221;][et_pb_column type=&#8221;4_4&#8243; _builder_version=&#8221;4.14.7&#8243; _module_preset=&#8221;default&#8221; global_colors_info=&#8221;{}&#8221;][et_pb_text _builder_version=&#8221;4.14.7&#8243; _module_preset=&#8221;default&#8221; global_colors_info=&#8221;{}&#8221;]<\/p>\n<p>A KnowCamp Alap\u00edtv\u00e1ny a k\u00f6zelm\u00faltban ker\u00fclt megalap\u00edt\u00e1sra, amikor kiv\u00e1lt az E\u00f6tv\u00f6s J\u00f3zsef Iskolaalap\u00edtv\u00e1nyb\u00f3l, amely 1994-t\u0151l 2016-ig k\u00f6z\u00e9piskolai jelleg\u0171 oktat\u00e1st folytatott. A KnowCamp teh\u00e1t egy \u00faj szervezet, azonban az E\u00f6tv\u00f6s Alap\u00edtv\u00e1nnyal val\u00f3 kapcsolata r\u00e9v\u00e9n t\u00f6bb \u00e9vtizedes h\u00e1ttere van. Az alap\u00edtv\u00e1ny c\u00e9lja oktat\u00e1si tev\u00e9kenys\u00e9g v\u00e9gz\u00e9se, els\u0151sorban az IT ter\u00fclet\u00e9n, a modern korhoz igazodva online alapon.<\/p>\n<p>[\/et_pb_text][\/et_pb_column][\/et_pb_row][et_pb_row _builder_version=&#8221;4.14.7&#8243; _module_preset=&#8221;default&#8221; global_colors_info=&#8221;{}&#8221;][et_pb_column type=&#8221;4_4&#8243; _builder_version=&#8221;4.14.7&#8243; _module_preset=&#8221;default&#8221; global_colors_info=&#8221;{}&#8221;][et_pb_text _builder_version=&#8221;4.14.7&#8243; _module_preset=&#8221;default&#8221; text_font_size=&#8221;20px&#8221; link_option_url=&#8221;https:\/\/knowcamp.org\/portal\/courses\/webfejlesztes-alapjai\/&#8221; global_colors_info=&#8221;{}&#8221;]<\/p>\n<p><a style=\"text-decoration: none; color: black;\" href=\"https:\/\/knowcamp.org\/portal\/courses\/webfejlesztes-alapjai\/\">A webfejleszt\u00e9s alapjai<\/a><\/p>\n<p><a style=\"text-decoration: none; color: black;\" href=\"https:\/\/knowcamp.org\/portal\/courses\/halado-webfejlesztes-asp-net-ben\/\">Halad\u00f3 webfejleszt\u00e9s ASP.NET-ben<\/a><\/p>\n<p><a style=\"text-decoration: none; color: black;\" href=\"https:\/\/knowcamp.org\/portal\/courses\/microsoft-azure\/\">Microsoft Azure felh\u0151technol\u00f3gia<\/a><\/p>\n<p><a href=\"https:\/\/knowcamp.org\/portal\/courses\/mesterseges-intelligencia-ai\/\">Mesters\u00e9ges Intelligencia (AI)<\/a><\/p>\n<p>[\/et_pb_text][\/et_pb_column][\/et_pb_row][et_pb_row _builder_version=&#8221;4.14.7&#8243; _module_preset=&#8221;default&#8221; global_colors_info=&#8221;{}&#8221;][et_pb_column type=&#8221;4_4&#8243; _builder_version=&#8221;4.14.7&#8243; _module_preset=&#8221;default&#8221; global_colors_info=&#8221;{}&#8221;][et_pb_text _builder_version=&#8221;4.14.7&#8243; _module_preset=&#8221;default&#8221; global_colors_info=&#8221;{}&#8221;]<\/p>\n<h1>Fontos linkek<\/h1>\n<p>&nbsp;<\/p>\n<p><a style=\"color: black;\" href=\"https:\/\/knowcamp.org\/portal\/docs\/adatvedelmi.pdf\">Adatv\u00e9delmi t\u00e1j\u00e9koztat\u00f3<\/a><\/p>\n<p><a style=\"color: black;\" href=\"https:\/\/knowcamp.org\/portal\/docs\/adatkezelesi.pdf\">Adatkezel\u00e9si szab\u00e1lyzat<\/a><\/p>\n<p><a style=\"color: black;\" href=\"https:\/\/knowcamp.org\/portal\/docs\/suti.pdf\">S\u00fcti adatv\u00e9delmi szab\u00e1lyzat<\/a><\/p>\n<p>[\/et_pb_text][\/et_pb_column][\/et_pb_row][\/et_pb_section][et_pb_section fb_built=&#8221;1&#8243; disabled_on=&#8221;on|on|off&#8221; admin_label=&#8221;Szakasz&#8221; _builder_version=&#8221;4.14.7&#8243; _module_preset=&#8221;default&#8221; background_color=&#8221;#1c9eb6&#8243; global_colors_info=&#8221;{}&#8221;][et_pb_row _builder_version=&#8221;4.14.7&#8243; _module_preset=&#8221;default&#8221; global_colors_info=&#8221;{}&#8221;][et_pb_column type=&#8221;4_4&#8243; _builder_version=&#8221;4.14.7&#8243; _module_preset=&#8221;default&#8221; global_colors_info=&#8221;{}&#8221;][et_pb_text module_id=&#8221;tajekoztato&#8221; _builder_version=&#8221;4.14.7&#8243; _module_preset=&#8221;default&#8221; text_text_color=&#8221;#FFFFFF&#8221; text_font_size=&#8221;22px&#8221; background_color=&#8221;RGBA(255,255,255,0)&#8221; min_height=&#8221;20px&#8221; height=&#8221;20px&#8221; max_height=&#8221;20px&#8221; custom_margin=&#8221;||3px|||&#8221; custom_padding=&#8221;||2px|||&#8221; global_colors_info=&#8221;{}&#8221;]<\/p>\n<table border=\"0\" style=\"width: 100%; border-collapse: collapse; padding: 40px; border-style: hidden; border-color: rgba(214,214,214,0.64);\">\n<tbody>\n<tr>\n<td style=\"width: 33.3333%;\"><a href=\"https:\/\/knowcamp.org\/portal\/docs\/adatvedelmi.pdf\" style=\"color: white\">Adatv\u00e9delmi t\u00e1j\u00e9koztat\u00f3<\/a><\/td>\n<td style=\"width: 33.3333%;\"><a  style=\"color: white\"href=\"https:\/\/knowcamp.org\/portal\/docs\/adatkezelesi.pdf\">Adatkezel\u00e9si szab\u00e1lyzat<\/a><\/td>\n<td style=\"width: 33.3333%;\"><a  style=\"color: white\"href=\"https:\/\/knowcamp.org\/portal\/docs\/suti.pdf\">S\u00fcti adatv\u00e9delmi szab\u00e1lyzat<\/a><\/td>\n<\/tr>\n<\/tbody>\n<\/table>\n<p>[\/et_pb_text][\/et_pb_column][\/et_pb_row][et_pb_row _builder_version=&#8221;4.14.7&#8243; _module_preset=&#8221;default&#8221; global_colors_info=&#8221;{}&#8221;][et_pb_column type=&#8221;4_4&#8243; _builder_version=&#8221;4.14.7&#8243; _module_preset=&#8221;default&#8221; global_colors_info=&#8221;{}&#8221;][et_pb_text _builder_version=&#8221;4.14.7&#8243; _module_preset=&#8221;default&#8221; text_text_color=&#8221;#FFFFFF&#8221; text_font_size=&#8221;17px&#8221; background_layout=&#8221;dark&#8221; custom_margin=&#8221;|||-71px|false|false&#8221; global_colors_info=&#8221;{}&#8221;]<\/p>\n<p style=\"text-align: center;\">El\u00e9rhet\u0151s\u00e9g: kc@knowcamp.org<\/p>\n<p>[\/et_pb_text][\/et_pb_column][\/et_pb_row][\/et_pb_section]<\/p>\n","protected":false},"excerpt":{"rendered":"<p>R\u00d3LUNK A KnowCamp Alap\u00edtv\u00e1ny a k\u00f6zelm\u00faltban ker\u00fclt megalap\u00edt\u00e1sra, amikor kiv\u00e1lt az E\u00f6tv\u00f6s J\u00f3zsef Iskolaalap\u00edtv\u00e1nyb\u00f3l, amely 1994-t\u0151l 2016-ig k\u00f6z\u00e9piskolai jelleg\u0171 oktat\u00e1st folytatott. A KnowCamp teh\u00e1t egy \u00faj szervezet, azonban az E\u00f6tv\u00f6s Alap\u00edtv\u00e1nnyal val\u00f3 kapcsolata r\u00e9v\u00e9n t\u00f6bb \u00e9vtizedes h\u00e1ttere van. Az alap\u00edtv\u00e1ny c\u00e9lja oktat\u00e1si tev\u00e9kenys\u00e9g v\u00e9gz\u00e9se, els\u0151sorban az IT ter\u00fclet\u00e9n, a modern korhoz igazodva online alapon.K\u00dcLDET\u00c9SMagas szint\u0171 [&hellip;]<\/p>\n","protected":false},"author":1,"featured_media":0,"parent":0,"menu_order":0,"comment_status":"closed","ping_status":"closed","template":"","meta":{"_et_pb_use_builder":"on","_et_pb_old_content":"","_et_gb_content_width":"","footnotes":""},"class_list":["post-19","page","type-page","status-publish","hentry"],"_links":{"self":[{"href":"https:\/\/knowcamp.org\/portal\/wp-json\/wp\/v2\/pages\/19","targetHints":{"allow":["GET"]}}],"collection":[{"href":"https:\/\/knowcamp.org\/portal\/wp-json\/wp\/v2\/pages"}],"about":[{"href":"https:\/\/knowcamp.org\/portal\/wp-json\/wp\/v2\/types\/page"}],"author":[{"embeddable":true,"href":"https:\/\/knowcamp.org\/portal\/wp-json\/wp\/v2\/users\/1"}],"replies":[{"embeddable":true,"href":"https:\/\/knowcamp.org\/portal\/wp-json\/wp\/v2\/comments?post=19"}],"version-history":[{"count":46,"href":"https:\/\/knowcamp.org\/portal\/wp-json\/wp\/v2\/pages\/19\/revisions"}],"predecessor-version":[{"id":1704,"href":"https:\/\/knowcamp.org\/portal\/wp-json\/wp\/v2\/pages\/19\/revisions\/1704"}],"wp:attachment":[{"href":"https:\/\/knowcamp.org\/portal\/wp-json\/wp\/v2\/media?parent=19"}],"curies":[{"name":"wp","href":"https:\/\/api.w.org\/{rel}","templated":true}]}}