{"id":264,"date":"2022-06-01T07:12:55","date_gmt":"2022-06-01T07:12:55","guid":{"rendered":"https:\/\/knowcamp.org\/portal\/?page_id=264"},"modified":"2023-11-06T20:44:12","modified_gmt":"2023-11-06T20:44:12","slug":"regisztracio","status":"publish","type":"page","link":"https:\/\/knowcamp.org\/portal\/regisztracio\/","title":{"rendered":"Regisztr\u00e1ci\u00f3"},"content":{"rendered":"\n\n\t\n\t<form method=\"post\" enctype=\"multipart\/form-data\" id=\"tutor-registration-from\">\n\t\t<input type=\"hidden\" name=\"tutor_course_enroll_attempt\" value=\"\">\n\t\t\n\t\t<input type=\"hidden\" id=\"_tutor_nonce\" name=\"_tutor_nonce\" value=\"ac52596998\" \/><input type=\"hidden\" name=\"_wp_http_referer\" value=\"\/portal\/wp-json\/wp\/v2\/pages\/264\" \/>\t\t<input type=\"hidden\" value=\"tutor_register_student\" name=\"tutor_action\"\/>\n\n\t\t\n\t\t<div class=\"tutor-form-row\">\n\t\t\t<div class=\"tutor-form-col-6\">\n\t\t\t\t<div class=\"tutor-form-group\">\n\t\t\t\t\t<label>\n\t\t\t\t\t\tKeresztn\u00e9v\t\t\t\t\t<\/label>\n\n\t\t\t\t\t<input type=\"text\" name=\"first_name\" value=\"\" placeholder=\"Keresztn\u00e9v\" required autocomplete=\"given-name\">\n\t\t\t\t<\/div>\n\t\t\t<\/div>\n\n\t\t\t<div class=\"tutor-form-col-6\">\n\t\t\t\t<div class=\"tutor-form-group\">\n\t\t\t\t\t<label>\n\t\t\t\t\t\tVezet\u00e9kn\u00e9v\t\t\t\t\t<\/label>\n\n\t\t\t\t\t<input type=\"text\" name=\"last_name\" value=\"\" placeholder=\"Vezet\u00e9kn\u00e9v\" required autocomplete=\"family-name\">\n\t\t\t\t<\/div>\n\t\t\t<\/div>\n\t\t<\/div>\n\n\t\t<div class=\"tutor-form-row\">\n\t\t\t<div class=\"tutor-form-col-6\">\n\t\t\t\t<div class=\"tutor-form-group\">\n\t\t\t\t\t<label>\n\t\t\t\t\t\tFelhaszn\u00e1l\u00f3n\u00e9v\t\t\t\t\t<\/label>\n\n\t\t\t\t\t<input type=\"text\" name=\"user_login\" class=\"tutor_user_name\" value=\"\" placeholder=\"Felhaszn\u00e1l\u00f3n\u00e9v\" required autocomplete=\"username\">\n\t\t\t\t<\/div>\n\t\t\t<\/div>\n\n\t\t\t<div class=\"tutor-form-col-6\">\n\t\t\t\t<div class=\"tutor-form-group\">\n\t\t\t\t\t<label>\n\t\t\t\t\t\tE-Mail\t\t\t\t\t<\/label>\n\t\t\t\t\t<input type=\"text\" name=\"email\" value=\"\" placeholder=\"E-Mail\" required autocomplete=\"email\">\n\t\t\t\t<\/div>\n\t\t\t<\/div>\n\t\t<\/div>\n\n\t\t<div class=\"tutor-form-row\">\n\t\t\t<div class=\"tutor-form-col-6\">\n\t\t\t\t<div class=\"tutor-form-group\">\n\t\t\t\t\t<label>\n\t\t\t\t\t\tJelsz\u00f3\t\t\t\t\t<\/label>\n\n\t\t\t\t\t<input type=\"password\" name=\"password\" value=\"\" placeholder=\"Jelsz\u00f3\" required autocomplete=\"new-password\">\n\t\t\t\t<\/div>\n\t\t\t<\/div>\n\n\t\t\t<div class=\"tutor-form-col-6\">\n\t\t\t\t<div class=\"tutor-form-group\">\n\t\t\t\t\t<label>\n\t\t\t\t\t\tJelsz\u00f3 meger\u0151s\u00edt\u00e9se\t\t\t\t\t<\/label>\n\n\t\t\t\t\t<input type=\"password\" name=\"password_confirmation\" value=\"\" placeholder=\"Jelsz\u00f3 meger\u0151s\u00edt\u00e9se\" required autocomplete=\"new-password\">\n\t\t\t\t<\/div>\n\t\t\t<\/div>\n\t\t<\/div>\n\n\n\t\t<div class=\"tutor-form-row\">\n\t\t\t<div class=\"tutor-form-col-12\">\n\t\t\t\t<div class=\"tutor-form-group\">\n\t\t\t\t<div class=\"c4wp_captcha_field\" style=\"margin-bottom: 10px;\"><div id=\"c4wp_captcha_field_1\" class=\"c4wp_captcha_field_div\"><\/div><\/div>\t\t\t\t<\/div>\n\t\t\t<\/div>\n\t\t<\/div>\n\n\t\t\n\t\t<div class=\"tutor-form-row\">\n\t\t\t<div class=\"tutor-form-col-12\">\n\t\t\t\t<div class=\"tutor-form-group tutor-reg-form-btn-wrap\">\n\t\t\t\t\t<button type=\"submit\" name=\"tutor_register_student_btn\" value=\"register\" class=\"tutor-button\">Regisztr\u00e1ci\u00f3<\/button>\n\t\t\t\t<\/div>\n\t\t\t<\/div>\n\t\t<\/div>\n\n\t<\/form>\n\t","protected":false},"excerpt":{"rendered":"","protected":false},"author":1,"featured_media":0,"parent":0,"menu_order":0,"comment_status":"closed","ping_status":"closed","template":"","meta":{"_et_pb_use_builder":"on","_et_pb_old_content":"","_et_gb_content_width":"","footnotes":""},"class_list":["post-264","page","type-page","status-publish","hentry"],"_links":{"self":[{"href":"https:\/\/knowcamp.org\/portal\/wp-json\/wp\/v2\/pages\/264","targetHints":{"allow":["GET"]}}],"collection":[{"href":"https:\/\/knowcamp.org\/portal\/wp-json\/wp\/v2\/pages"}],"about":[{"href":"https:\/\/knowcamp.org\/portal\/wp-json\/wp\/v2\/types\/page"}],"author":[{"embeddable":true,"href":"https:\/\/knowcamp.org\/portal\/wp-json\/wp\/v2\/users\/1"}],"replies":[{"embeddable":true,"href":"https:\/\/knowcamp.org\/portal\/wp-json\/wp\/v2\/comments?post=264"}],"version-history":[{"count":1,"href":"https:\/\/knowcamp.org\/portal\/wp-json\/wp\/v2\/pages\/264\/revisions"}],"predecessor-version":[{"id":265,"href":"https:\/\/knowcamp.org\/portal\/wp-json\/wp\/v2\/pages\/264\/revisions\/265"}],"wp:attachment":[{"href":"https:\/\/knowcamp.org\/portal\/wp-json\/wp\/v2\/media?parent=264"}],"curies":[{"name":"wp","href":"https:\/\/api.w.org\/{rel}","templated":true}]}}